{"id":9,"date":"2024-10-20T06:13:40","date_gmt":"2024-10-20T06:13:40","guid":{"rendered":"https:\/\/guiadelemprendedor.us\/?page_id=9"},"modified":"2025-02-12T16:46:48","modified_gmt":"2025-02-12T21:46:48","slug":"home","status":"publish","type":"page","link":"https:\/\/guiadelemprendedor.us\/","title":{"rendered":"Home"},"content":{"rendered":"\n<h2 class=\"wp-block-heading\"><\/h2>\n\n\n\n<h2 class=\"wp-block-heading\">Bienvenidos a la Guia del Emprendedor en USA.<\/h2>\n\n\n\n<p class=\"has-medium-font-size\">Recomendaciones, sugerencias, ideas, noticias que pueden ser de ayuda los empresarios y emprendedores extranjeros que tienen empresas en los Estados Unidos.<\/p>\n\n\n\n<p class=\"has-black-color has-text-color has-link-color has-medium-font-size wp-elements-07fd6162a7f3aa513f3b5254db26c5a3\"><img loading=\"lazy\" decoding=\"async\" width=\"800\" height=\"534\" class=\"wp-image-29\" style=\"width: 800px;\" src=\"https:\/\/guiadelemprendedor.us\/wp-content\/uploads\/2025\/02\/world-trade-center-5889199_1280.jpg\" alt=\"\" srcset=\"https:\/\/guiadelemprendedor.us\/wp-content\/uploads\/2025\/02\/world-trade-center-5889199_1280.jpg 1280w, https:\/\/guiadelemprendedor.us\/wp-content\/uploads\/2025\/02\/world-trade-center-5889199_1280-300x200.jpg 300w, https:\/\/guiadelemprendedor.us\/wp-content\/uploads\/2025\/02\/world-trade-center-5889199_1280-1024x683.jpg 1024w, https:\/\/guiadelemprendedor.us\/wp-content\/uploads\/2025\/02\/world-trade-center-5889199_1280-768x512.jpg 768w\" sizes=\"auto, (max-width: 800px) 100vw, 800px\" \/><\/p>\n\n\n<ul class=\"wp-block-latest-posts__list wp-block-latest-posts\"><li><a class=\"wp-block-latest-posts__post-title\" href=\"https:\/\/guiadelemprendedor.us\/?p=42\">Gu\u00eda paso a paso: C\u00f3mo registrar una empresa en EE. UU.<\/a><\/li>\n<li><a class=\"wp-block-latest-posts__post-title\" href=\"https:\/\/guiadelemprendedor.us\/?p=18\">Gu\u00eda paso a paso: \u00bfPueden los extranjeros crear una empresa en USA?<\/a><\/li>\n<\/ul>\n\n\n<figure class=\"wp-block-image size-large\"><a href=\"https:\/\/internationaltradingcenter.com\" target=\"_blank\" rel=\" noreferrer noopener\"><img loading=\"lazy\" decoding=\"async\" width=\"1024\" height=\"478\" src=\"https:\/\/guiadelemprendedor.us\/wp-content\/uploads\/2025\/02\/Hme-Screenshot-2025-02-12-163715-1024x478.jpg\" alt=\"\" class=\"wp-image-32\" srcset=\"https:\/\/guiadelemprendedor.us\/wp-content\/uploads\/2025\/02\/Hme-Screenshot-2025-02-12-163715-1024x478.jpg 1024w, https:\/\/guiadelemprendedor.us\/wp-content\/uploads\/2025\/02\/Hme-Screenshot-2025-02-12-163715-300x140.jpg 300w, https:\/\/guiadelemprendedor.us\/wp-content\/uploads\/2025\/02\/Hme-Screenshot-2025-02-12-163715-768x358.jpg 768w, https:\/\/guiadelemprendedor.us\/wp-content\/uploads\/2025\/02\/Hme-Screenshot-2025-02-12-163715-1536x717.jpg 1536w, https:\/\/guiadelemprendedor.us\/wp-content\/uploads\/2025\/02\/Hme-Screenshot-2025-02-12-163715-2048x955.jpg 2048w\" sizes=\"auto, (max-width: 1024px) 100vw, 1024px\" \/><\/a><\/figure>\n\n\n\n<p>Con ITC &#8211;<a href=\"https:\/\/internationaltradingcenter.com\" data-type=\"link\" data-id=\"https:\/\/internationaltradingcenter.com\"> <strong>International Trading Center<\/strong><\/a> puedes tener la orientacion necesaria para abrir tu empresa en los Estados Unidos.<\/p>\n","protected":false},"excerpt":{"rendered":"<p>Bienvenidos a la Guia del Emprendedor en USA. Recomendaciones, sugerencias, ideas, noticias que pueden ser de ayuda los empresarios y emprendedores extranjeros que tienen empresas en los Estados Unidos. Gu\u00eda paso a paso: C\u00f3mo registrar una empresa en EE. UU. Gu\u00eda paso a paso: \u00bfPueden los extranjeros crear una empresa en USA? Con ITC &#8211; &hellip;<\/p>\n","protected":false},"author":1,"featured_media":0,"parent":0,"menu_order":0,"comment_status":"closed","ping_status":"closed","template":"","meta":{"footnotes":""},"class_list":["post-9","page","type-page","status-publish",""],"_links":{"self":[{"href":"https:\/\/guiadelemprendedor.us\/index.php?rest_route=\/wp\/v2\/pages\/9","targetHints":{"allow":["GET"]}}],"collection":[{"href":"https:\/\/guiadelemprendedor.us\/index.php?rest_route=\/wp\/v2\/pages"}],"about":[{"href":"https:\/\/guiadelemprendedor.us\/index.php?rest_route=\/wp\/v2\/types\/page"}],"author":[{"embeddable":true,"href":"https:\/\/guiadelemprendedor.us\/index.php?rest_route=\/wp\/v2\/users\/1"}],"replies":[{"embeddable":true,"href":"https:\/\/guiadelemprendedor.us\/index.php?rest_route=%2Fwp%2Fv2%2Fcomments&post=9"}],"version-history":[{"count":9,"href":"https:\/\/guiadelemprendedor.us\/index.php?rest_route=\/wp\/v2\/pages\/9\/revisions"}],"predecessor-version":[{"id":47,"href":"https:\/\/guiadelemprendedor.us\/index.php?rest_route=\/wp\/v2\/pages\/9\/revisions\/47"}],"wp:attachment":[{"href":"https:\/\/guiadelemprendedor.us\/index.php?rest_route=%2Fwp%2Fv2%2Fmedia&parent=9"}],"curies":[{"name":"wp","href":"https:\/\/api.w.org\/{rel}","templated":true}]}}